{"id":569,"date":"2025-11-08T12:35:48","date_gmt":"2025-11-08T12:35:48","guid":{"rendered":"https:\/\/aylatantuni.com.tr\/about-us\/"},"modified":"2025-11-09T14:26:37","modified_gmt":"2025-11-09T14:26:37","slug":"hakkimizda","status":"publish","type":"page","link":"https:\/\/aylatantuni.com.tr\/en\/hakkimizda\/","title":{"rendered":"About Us"},"content":{"rendered":"<div data-elementor-type=\"wp-post\" data-elementor-id=\"569\" class=\"elementor elementor-569\">\n\t\t\t\t<div class=\"elementor-element elementor-element-0c9783b e-flex e-con-boxed e-con e-parent\" data-id=\"0c9783b\" data-element_type=\"container\" data-settings=\"{&quot;background_background&quot;:&quot;classic&quot;,&quot;shape_divider_bottom&quot;:&quot;triangle&quot;}\">\n\t\t\t\t\t<div class=\"e-con-inner\">\n\t\t\t\t<div class=\"elementor-shape elementor-shape-bottom\" aria-hidden=\"true\" data-negative=\"false\">\n\t\t\t<svg xmlns=\"http:\/\/www.w3.org\/2000\/svg\" viewbox=\"0 0 1000 100\" preserveaspectratio=\"none\">\n\t<path class=\"elementor-shape-fill\" d=\"M500,98.9L0,6.1V0h1000v6.1L500,98.9z\"\/>\n<\/svg>\t\t<\/div>\n\t\t<div class=\"elementor-element elementor-element-69f6b4b e-con-full e-flex e-con e-child\" data-id=\"69f6b4b\" data-element_type=\"container\">\n\t\t\t\t<\/div>\n\t\t<div class=\"elementor-element elementor-element-53e4026 e-con-full e-flex e-con e-child\" data-id=\"53e4026\" data-element_type=\"container\">\n\t\t\t\t<div class=\"elementor-element elementor-element-1312f05 elementor-widget elementor-widget-image\" data-id=\"1312f05\" data-element_type=\"widget\" data-widget_type=\"image.default\">\n\t\t\t\t<div class=\"elementor-widget-container\">\n\t\t\t\t\t\t\t\t\t\t\t\t\t\t\t<img decoding=\"async\" width=\"200\" height=\"35\" src=\"https:\/\/aylatantuni.com.tr\/wp-content\/uploads\/2025\/11\/divider-free-img-1.png\" class=\"attachment-full size-full wp-image-1069\" alt=\"divider free img 1.png\" title=\"About Us\">\t\t\t\t\t\t\t\t\t\t\t\t\t\t\t<\/div>\n\t\t\t\t<\/div>\n\t\t\t\t<div class=\"elementor-element elementor-element-5e87003 elementor-invisible elementor-widget elementor-widget-heading\" data-id=\"5e87003\" data-element_type=\"widget\" data-settings=\"{&quot;_animation&quot;:&quot;fadeInDown&quot;}\" data-widget_type=\"heading.default\">\n\t\t\t\t<div class=\"elementor-widget-container\">\n\t\t\t\t\t<h3 class=\"elementor-heading-title elementor-size-default\">Our Story<\/h3>\t\t\t\t<\/div>\n\t\t\t\t<\/div>\n\t\t\t\t<div class=\"elementor-element elementor-element-9347d3b elementor-invisible elementor-widget elementor-widget-heading\" data-id=\"9347d3b\" data-element_type=\"widget\" data-settings=\"{&quot;_animation&quot;:&quot;fadeInUp&quot;,&quot;_animation_delay&quot;:200}\" data-widget_type=\"heading.default\">\n\t\t\t\t<div class=\"elementor-widget-container\">\n\t\t\t\t\t<h1 class=\"elementor-heading-title elementor-size-default\">21 Years of Passion for Flavor<\/h1>\t\t\t\t<\/div>\n\t\t\t\t<\/div>\n\t\t\t\t<div class=\"elementor-element elementor-element-5447093 elementor-hidden-phone elementor-invisible elementor-widget elementor-widget-text-editor\" data-id=\"5447093\" data-element_type=\"widget\" data-settings=\"{&quot;_animation&quot;:&quot;fadeInUp&quot;,&quot;_animation_delay&quot;:400}\" data-widget_type=\"text-editor.default\">\n\t\t\t\t<div class=\"elementor-widget-container\">\n\t\t\t\t\t\t\t\t\t<p>Ayla Tantuni is a flavor journey that started 21 years ago with R\u0131za \u015eim\u015fek's unique passion for tantuni. This story, which started by bringing Mersin's unique tantuni flavor to the streets, is taking firm steps towards becoming a global brand today. With the same traditional recipes and cooking methods, we bring the unique taste of tantuni to our guests in different corners of the world. This journey represents not only a dish, but also a culture and a flavor passed down from generation to generation. Our mission is to make you feel this passion in every bite.<\/p>\t\t\t\t\t\t\t\t<\/div>\n\t\t\t\t<\/div>\n\t\t\t\t<\/div>\n\t\t<div class=\"elementor-element elementor-element-1963e7b e-con-full e-flex e-con e-child\" data-id=\"1963e7b\" data-element_type=\"container\">\n\t\t\t\t<\/div>\n\t\t\t\t\t<\/div>\n\t\t\t\t<\/div>\n\t\t<div class=\"elementor-element elementor-element-d7071a1 e-flex e-con-boxed e-con e-parent\" data-id=\"d7071a1\" data-element_type=\"container\" data-settings=\"{&quot;background_background&quot;:&quot;gradient&quot;}\">\n\t\t\t\t\t<div class=\"e-con-inner\">\n\t\t<div class=\"elementor-element elementor-element-418b578 e-con-full e-flex e-con e-child\" data-id=\"418b578\" data-element_type=\"container\">\n\t\t<div class=\"elementor-element elementor-element-cb6012b e-flex e-con-boxed e-con e-child\" data-id=\"cb6012b\" data-element_type=\"container\">\n\t\t\t\t\t<div class=\"e-con-inner\">\n\t\t<div class=\"elementor-element elementor-element-86c9e61 e-con-full e-flex e-con e-child\" data-id=\"86c9e61\" data-element_type=\"container\">\n\t\t\t\t<\/div>\n\t\t<div class=\"elementor-element elementor-element-d59e493 e-con-full e-flex e-con e-child\" data-id=\"d59e493\" data-element_type=\"container\">\n\t\t\t\t<div class=\"elementor-element elementor-element-0e8e70f elementor-widget elementor-widget-hfe-infocard\" data-id=\"0e8e70f\" data-element_type=\"widget\" data-widget_type=\"hfe-infocard.default\">\n\t\t\t\t<div class=\"elementor-widget-container\">\n\t\t\t\t\t\n\t\t<div class=\"hfe-infocard\">\n\t\t\t\t\t\t\t\t\t<div class=\"hfe-infocard-title-wrap\">\n\t\t\t\t<h2 class=\"hfe-infocard-title elementor-inline-editing\" data-elementor-setting-key=\"infocard_title\" data-elementor-inline-editing-toolbar=\"basic\" >Flavor Stops that Make a Difference<\/h2>\t\t\t<\/div>\n\t\t\t\t\t\t<div class=\"hfe-infocard-text-wrap\">\n\t\t\t\t<div class=\"hfe-infocard-text elementor-inline-editing\" data-elementor-setting-key=\"infocard_description\" data-elementor-inline-editing-toolbar=\"advanced\">\n\t\t\t\t\t\t\t\t\t<\/div>\n\t\t\t\t\t\t\t<\/div>\n\t\t<\/div>\n\n\t\t\t\t\t\t<\/div>\n\t\t\t\t<\/div>\n\t\t\t\t<div class=\"elementor-element elementor-element-852484b elementor-widget elementor-widget-text-editor\" data-id=\"852484b\" data-element_type=\"widget\" data-widget_type=\"text-editor.default\">\n\t\t\t\t<div class=\"elementor-widget-container\">\n\t\t\t\t\t\t\t\t\t<p>One of the most important features that distinguishes Ayla Tantuni from traditional tantuni restaurants is our prime locations on the major streets of the cities.<\/p>\t\t\t\t\t\t\t\t<\/div>\n\t\t\t\t<\/div>\n\t\t\t\t<div class=\"elementor-element elementor-element-5118218 elementor-widget elementor-widget-image\" data-id=\"5118218\" data-element_type=\"widget\" data-widget_type=\"image.default\">\n\t\t\t\t<div class=\"elementor-widget-container\">\n\t\t\t\t\t\t\t\t\t\t\t\t\t\t\t<img decoding=\"async\" width=\"200\" height=\"35\" src=\"https:\/\/aylatantuni.com.tr\/wp-content\/uploads\/2025\/11\/divider-free-img-1.png\" class=\"attachment-full size-full wp-image-1069\" alt=\"divider free img 1.png\" title=\"About Us\">\t\t\t\t\t\t\t\t\t\t\t\t\t\t\t<\/div>\n\t\t\t\t<\/div>\n\t\t\t\t<\/div>\n\t\t<div class=\"elementor-element elementor-element-57109d0 e-con-full e-flex e-con e-child\" data-id=\"57109d0\" data-element_type=\"container\">\n\t\t\t\t<\/div>\n\t\t\t\t\t<\/div>\n\t\t\t\t<\/div>\n\t\t<div class=\"elementor-element elementor-element-815a76c e-flex e-con-boxed e-con e-child\" data-id=\"815a76c\" data-element_type=\"container\">\n\t\t\t\t\t<div class=\"e-con-inner\">\n\t\t<div class=\"elementor-element elementor-element-8885095 e-con-full e-flex e-con e-child\" data-id=\"8885095\" data-element_type=\"container\">\n\t\t\t\t<\/div>\n\t\t<div class=\"elementor-element elementor-element-fe72f5e e-con-full e-flex e-con e-child\" data-id=\"fe72f5e\" data-element_type=\"container\">\n\t\t\t\t<div class=\"elementor-element elementor-element-7dc45c1 elementor-widget elementor-widget-text-editor\" data-id=\"7dc45c1\" data-element_type=\"widget\" data-widget_type=\"text-editor.default\">\n\t\t\t\t<div class=\"elementor-widget-container\">\n\t\t\t\t\t\t\t\t\t<p>Since opening our first restaurant in Bornova, Izmir in 2005, we have grown under the umbrella of Furalp G\u0131da and expanded our flavor network. Our talented chefs meticulously prepare each tantuni every day using the freshest meat and chicken. This meticulous approach ensures that we always deliver a high quality and exquisite experience to our guests. Today, with a total of 14 restaurants in Istanbul, Izmir, Germany (Mannheim), Dubai, Kyrgyzstan, Kazakhstan and Uzbekistan, we continue our mission to make tantuni a global delicacy.<\/p>\t\t\t\t\t\t\t\t<\/div>\n\t\t\t\t<\/div>\n\t\t\t\t<\/div>\n\t\t<div class=\"elementor-element elementor-element-d82c1de e-con-full e-flex e-con e-child\" data-id=\"d82c1de\" data-element_type=\"container\">\n\t\t\t\t<\/div>\n\t\t\t\t\t<\/div>\n\t\t\t\t<\/div>\n\t\t<div class=\"elementor-element elementor-element-4378659 e-flex e-con-boxed e-con e-child\" data-id=\"4378659\" data-element_type=\"container\">\n\t\t\t\t\t<div class=\"e-con-inner\">\n\t\t<div class=\"elementor-element elementor-element-7a1163c e-con-full e-flex e-con e-child\" data-id=\"7a1163c\" data-element_type=\"container\">\n\t\t\t\t<\/div>\n\t\t<div class=\"elementor-element elementor-element-40a8daf e-con-full e-flex e-con e-child\" data-id=\"40a8daf\" data-element_type=\"container\">\n\t\t\t\t<div class=\"elementor-element elementor-element-1600765 elementor-arrows-position-inside elementor-widget elementor-widget-image-carousel\" data-id=\"1600765\" data-element_type=\"widget\" data-settings=\"{&quot;slides_to_show&quot;:&quot;1&quot;,&quot;navigation&quot;:&quot;arrows&quot;,&quot;autoplay&quot;:&quot;yes&quot;,&quot;pause_on_hover&quot;:&quot;yes&quot;,&quot;pause_on_interaction&quot;:&quot;yes&quot;,&quot;autoplay_speed&quot;:5000,&quot;infinite&quot;:&quot;yes&quot;,&quot;effect&quot;:&quot;slide&quot;,&quot;speed&quot;:500}\" data-widget_type=\"image-carousel.default\">\n\t\t\t\t<div class=\"elementor-widget-container\">\n\t\t\t\t\t\t\t<div class=\"elementor-image-carousel-wrapper swiper\" role=\"region\" aria-roledescription=\"carousel\" aria-label=\"Image Carousel\" dir=\"ltr\">\n\t\t\t<div class=\"elementor-image-carousel swiper-wrapper\" aria-live=\"off\">\n\t\t\t\t\t\t\t\t<div class=\"swiper-slide\" role=\"group\" aria-roledescription=\"slide\" aria-label=\"1 \/ 2\"><figure class=\"swiper-slide-inner\"><img decoding=\"async\" class=\"swiper-slide-image\" src=\"https:\/\/aylatantuni.com.tr\/wp-content\/uploads\/2025\/11\/hakkimizda-background.webp\" alt=\"hakkimizda background\" title=\"About Us\"><\/figure><\/div><div class=\"swiper-slide\" role=\"group\" aria-roledescription=\"slide\" aria-label=\"2 \/ 2\"><figure class=\"swiper-slide-inner\"><img decoding=\"async\" class=\"swiper-slide-image\" src=\"https:\/\/aylatantuni.com.tr\/wp-content\/uploads\/2025\/11\/iletisim-background.webp\" alt=\"iletisim background\" title=\"About Us\"><\/figure><\/div>\t\t\t<\/div>\n\t\t\t\t\t\t\t\t\t\t\t\t<div class=\"elementor-swiper-button elementor-swiper-button-prev\" role=\"button\" tabindex=\"0\">\n\t\t\t\t\t\t<i aria-hidden=\"true\" class=\"eicon-chevron-left\"><\/i>\t\t\t\t\t<\/div>\n\t\t\t\t\t<div class=\"elementor-swiper-button elementor-swiper-button-next\" role=\"button\" tabindex=\"0\">\n\t\t\t\t\t\t<i aria-hidden=\"true\" class=\"eicon-chevron-right\"><\/i>\t\t\t\t\t<\/div>\n\t\t\t\t\n\t\t\t\t\t\t\t\t\t<\/div>\n\t\t\t\t\t\t<\/div>\n\t\t\t\t<\/div>\n\t\t\t\t<\/div>\n\t\t<div class=\"elementor-element elementor-element-bb5925d e-con-full e-flex e-con e-child\" data-id=\"bb5925d\" data-element_type=\"container\">\n\t\t\t\t<\/div>\n\t\t\t\t\t<\/div>\n\t\t\t\t<\/div>\n\t\t\t\t<\/div>\n\t\t\t\t\t<\/div>\n\t\t\t\t<\/div>\n\t\t<div class=\"elementor-element elementor-element-16be849 e-flex e-con-boxed e-con e-parent\" data-id=\"16be849\" data-element_type=\"container\" data-settings=\"{&quot;background_background&quot;:&quot;classic&quot;,&quot;shape_divider_top&quot;:&quot;triangle&quot;,&quot;shape_divider_bottom&quot;:&quot;triangle&quot;}\">\n\t\t\t\t\t<div class=\"e-con-inner\">\n\t\t\t\t<div class=\"elementor-shape elementor-shape-top\" aria-hidden=\"true\" data-negative=\"false\">\n\t\t\t<svg xmlns=\"http:\/\/www.w3.org\/2000\/svg\" viewbox=\"0 0 1000 100\" preserveaspectratio=\"none\">\n\t<path class=\"elementor-shape-fill\" d=\"M500,98.9L0,6.1V0h1000v6.1L500,98.9z\"\/>\n<\/svg>\t\t<\/div>\n\t\t\t\t<div class=\"elementor-shape elementor-shape-bottom\" aria-hidden=\"true\" data-negative=\"false\">\n\t\t\t<svg xmlns=\"http:\/\/www.w3.org\/2000\/svg\" viewbox=\"0 0 1000 100\" preserveaspectratio=\"none\">\n\t<path class=\"elementor-shape-fill\" d=\"M500,98.9L0,6.1V0h1000v6.1L500,98.9z\"\/>\n<\/svg>\t\t<\/div>\n\t\t<div class=\"elementor-element elementor-element-fe5c5a7 e-con-full e-flex e-con e-child\" data-id=\"fe5c5a7\" data-element_type=\"container\">\n\t\t\t\t<div class=\"elementor-element elementor-element-c60712c elementor-widget elementor-widget-hfe-infocard\" data-id=\"c60712c\" data-element_type=\"widget\" data-widget_type=\"hfe-infocard.default\">\n\t\t\t\t<div class=\"elementor-widget-container\">\n\t\t\t\t\t\n\t\t<div class=\"hfe-infocard\">\n\t\t\t\t\t\t\t\t\t<div class=\"hfe-infocard-title-wrap\">\n\t\t\t\t<h2 class=\"hfe-infocard-title elementor-inline-editing\" data-elementor-setting-key=\"infocard_title\" data-elementor-inline-editing-toolbar=\"basic\" >Commitment to Freshness and Quality<\/h2>\t\t\t<\/div>\n\t\t\t\t\t\t<div class=\"hfe-infocard-text-wrap\">\n\t\t\t\t<div class=\"hfe-infocard-text elementor-inline-editing\" data-elementor-setting-key=\"infocard_description\" data-elementor-inline-editing-toolbar=\"advanced\">\n\t\t\t\t\tAt Ayla Tantuni, we are committed to ensuring that every product we serve to our guests meets the highest quality standards. Our \"food policy\" is based on the principle of using only the freshest and carefully selected meat and chicken. The ingredients are sourced every morning and prepared by our talented chefs in hygienic conditions, following traditional recipes. The secret of our flavor is that we prepare each tantuni with love and care, without compromising on quality. Our top priority is to offer our guests an exquisite taste experience that they can consume safely and with pleasure.\t\t\t\t<\/div>\n\t\t\t\t\t\t\t<\/div>\n\t\t<\/div>\n\n\t\t\t\t\t\t<\/div>\n\t\t\t\t<\/div>\n\t\t\t\t<\/div>\n\t\t<div class=\"elementor-element elementor-element-258eb55 e-con-full e-flex e-con e-child\" data-id=\"258eb55\" data-element_type=\"container\">\n\t\t\t\t<div class=\"elementor-element elementor-element-95a9c2d elementor-widget elementor-widget-hfe-infocard\" data-id=\"95a9c2d\" data-element_type=\"widget\" data-widget_type=\"hfe-infocard.default\">\n\t\t\t\t<div class=\"elementor-widget-container\">\n\t\t\t\t\t\n\t\t<div class=\"hfe-infocard\">\n\t\t\t\t\t\t\t\t\t<div class=\"hfe-infocard-title-wrap\">\n\t\t\t\t<h2 class=\"hfe-infocard-title elementor-inline-editing\" data-elementor-setting-key=\"infocard_title\" data-elementor-inline-editing-toolbar=\"basic\" >Customer Satisfaction and Continuous Improvement<\/h2>\t\t\t<\/div>\n\t\t\t\t\t\t<div class=\"hfe-infocard-text-wrap\">\n\t\t\t\t<div class=\"hfe-infocard-text elementor-inline-editing\" data-elementor-setting-key=\"infocard_description\" data-elementor-inline-editing-toolbar=\"advanced\">\n\t\t\t\t\tAyla Tantuni's core values are based on \"Customer Satisfaction\", \"Taste Quality\" and \"Innovation\". Aiming to exceed the expectations of our guests, we always strive to provide the highest level of service. In order to maintain and improve our flavor standards, we constantly renew ourselves and follow the best practices in the sector. The story of our brand started with R\u0131za \u015eim\u015fek's passion and this passion is still at the heart of our entire team today. Our goal is to provide each customer with not only a satisfying meal but also an unforgettable Ayla Tantuni experience. We invite you to join this delicious family.\t\t\t\t<\/div>\n\t\t\t\t\t\t\t<\/div>\n\t\t<\/div>\n\n\t\t\t\t\t\t<\/div>\n\t\t\t\t<\/div>\n\t\t\t\t<\/div>\n\t\t\t\t\t<\/div>\n\t\t\t\t<\/div>\n\t\t\t\t<\/div>","protected":false},"excerpt":{"rendered":"<p>Hikayemiz Lezzetin 21 Y\u0131ll\u0131k Tutkusu Ayla Tantuni, 21 y\u0131l \u00f6nce R\u0131za \u015eim\u015fek&#8217;in tantuniye olan e\u015fsiz tutkusuyla yola \u00e7\u0131kan bir lezzet yolculu\u011fudur. Mersin&#8217;in e\u015fsiz tantuni lezzetini sokaklara ta\u015f\u0131yarak ba\u015flayan bu hikaye, bug\u00fcn global bir marka olma yolunda emin ad\u0131mlarla ilerlemektedir. Ayn\u0131 geleneksel tarifler ve pi\u015firme y\u00f6ntemleriyle, tantuninin \u00f6zg\u00fcn tad\u0131n\u0131 d\u00fcnyan\u0131n farkl\u0131 k\u00f6\u015felerindeki misafirlerimizle bulu\u015fturuyoruz. Bu yolculuk, [&hellip;]<\/p>","protected":false},"author":1,"featured_media":0,"parent":0,"menu_order":2,"comment_status":"closed","ping_status":"closed","template":"","meta":{"_uag_custom_page_level_css":"","site-sidebar-layout":"no-sidebar","site-content-layout":"page-builder","ast-site-content-layout":"default","site-content-style":"default","site-sidebar-style":"default","ast-global-header-display":"","ast-banner-title-visibility":"","ast-main-header-display":"","ast-hfb-above-header-display":"","ast-hfb-below-header-display":"","ast-hfb-mobile-header-display":"","site-post-title":"disabled","ast-breadcrumbs-content":"","ast-featured-img":"disabled","footer-sml-layout":"","theme-transparent-header-meta":"","adv-header-id-meta":"","stick-header-meta":"","header-above-stick-meta":"","header-main-stick-meta":"","header-below-stick-meta":"","astra-migrate-meta-layouts":"default","ast-page-background-enabled":"default","ast-page-background-meta":{"desktop":{"background-color":"","background-image":"","background-repeat":"repeat","background-position":"center center","background-size":"auto","background-attachment":"scroll","background-type":"","background-media":"","overlay-type":"","overlay-color":"","overlay-opacity":"","overlay-gradient":""},"tablet":{"background-color":"","background-image":"","background-repeat":"repeat","background-position":"center center","background-size":"auto","background-attachment":"scroll","background-type":"","background-media":"","overlay-type":"","overlay-color":"","overlay-opacity":"","overlay-gradient":""},"mobile":{"background-color":"","background-image":"","background-repeat":"repeat","background-position":"center center","background-size":"auto","background-attachment":"scroll","background-type":"","background-media":"","overlay-type":"","overlay-color":"","overlay-opacity":"","overlay-gradient":""}},"ast-content-background-meta":{"desktop":{"background-color":"var(--ast-global-color-5)","background-image":"","background-repeat":"repeat","background-position":"center center","background-size":"auto","background-attachment":"scroll","background-type":"","background-media":"","overlay-type":"","overlay-color":"","overlay-opacity":"","overlay-gradient":""},"tablet":{"background-color":"var(--ast-global-color-5)","background-image":"","background-repeat":"repeat","background-position":"center center","background-size":"auto","background-attachment":"scroll","background-type":"","background-media":"","overlay-type":"","overlay-color":"","overlay-opacity":"","overlay-gradient":""},"mobile":{"background-color":"var(--ast-global-color-5)","background-image":"","background-repeat":"repeat","background-position":"center center","background-size":"auto","background-attachment":"scroll","background-type":"","background-media":"","overlay-type":"","overlay-color":"","overlay-opacity":"","overlay-gradient":""}},"footnotes":""},"class_list":["post-569","page","type-page","status-publish","hentry"],"uagb_featured_image_src":{"full":false,"thumbnail":false,"medium":false,"medium_large":false,"large":false,"1536x1536":false,"2048x2048":false,"trp-custom-language-flag":false},"uagb_author_info":{"display_name":"admin","author_link":"https:\/\/aylatantuni.com.tr\/en\/author\/ulasdurmus\/"},"uagb_comment_info":0,"uagb_excerpt":"Hikayemiz Lezzetin 21 Y\u0131ll\u0131k Tutkusu Ayla Tantuni, 21 y\u0131l \u00f6nce R\u0131za \u015eim\u015fek&#8217;in tantuniye olan e\u015fsiz tutkusuyla yola \u00e7\u0131kan bir lezzet yolculu\u011fudur. Mersin&#8217;in e\u015fsiz tantuni lezzetini sokaklara ta\u015f\u0131yarak ba\u015flayan bu hikaye, bug\u00fcn global bir marka olma yolunda emin ad\u0131mlarla ilerlemektedir. Ayn\u0131 geleneksel tarifler ve pi\u015firme y\u00f6ntemleriyle, tantuninin \u00f6zg\u00fcn tad\u0131n\u0131 d\u00fcnyan\u0131n farkl\u0131 k\u00f6\u015felerindeki misafirlerimizle bulu\u015fturuyoruz. Bu yolculuk,&hellip;","_links":{"self":[{"href":"https:\/\/aylatantuni.com.tr\/en\/wp-json\/wp\/v2\/pages\/569","targetHints":{"allow":["GET"]}}],"collection":[{"href":"https:\/\/aylatantuni.com.tr\/en\/wp-json\/wp\/v2\/pages"}],"about":[{"href":"https:\/\/aylatantuni.com.tr\/en\/wp-json\/wp\/v2\/types\/page"}],"author":[{"embeddable":true,"href":"https:\/\/aylatantuni.com.tr\/en\/wp-json\/wp\/v2\/users\/1"}],"replies":[{"embeddable":true,"href":"https:\/\/aylatantuni.com.tr\/en\/wp-json\/wp\/v2\/comments?post=569"}],"version-history":[{"count":10,"href":"https:\/\/aylatantuni.com.tr\/en\/wp-json\/wp\/v2\/pages\/569\/revisions"}],"predecessor-version":[{"id":1163,"href":"https:\/\/aylatantuni.com.tr\/en\/wp-json\/wp\/v2\/pages\/569\/revisions\/1163"}],"wp:attachment":[{"href":"https:\/\/aylatantuni.com.tr\/en\/wp-json\/wp\/v2\/media?parent=569"}],"curies":[{"name":"wp","href":"https:\/\/api.w.org\/{rel}","templated":true}]}}