{"id":1483,"date":"2025-11-27T17:25:36","date_gmt":"2025-11-27T17:25:36","guid":{"rendered":"https:\/\/aylatantuni.com.tr\/?page_id=1483"},"modified":"2025-11-27T17:44:58","modified_gmt":"2025-11-27T17:44:58","slug":"franchise","status":"publish","type":"page","link":"https:\/\/aylatantuni.com.tr\/en\/franchise\/","title":{"rendered":"Franchise"},"content":{"rendered":"<div data-elementor-type=\"wp-post\" data-elementor-id=\"1483\" class=\"elementor elementor-1483\">\n\t\t\t\t<div class=\"elementor-element elementor-element-c8b3eca e-flex e-con-boxed e-con e-parent\" data-id=\"c8b3eca\" data-element_type=\"container\" data-settings=\"{&quot;background_background&quot;:&quot;classic&quot;,&quot;shape_divider_bottom&quot;:&quot;triangle&quot;}\">\n\t\t\t\t\t<div class=\"e-con-inner\">\n\t\t\t\t<div class=\"elementor-shape elementor-shape-bottom\" aria-hidden=\"true\" data-negative=\"false\">\n\t\t\t<svg xmlns=\"http:\/\/www.w3.org\/2000\/svg\" viewbox=\"0 0 1000 100\" preserveaspectratio=\"none\">\n\t<path class=\"elementor-shape-fill\" d=\"M500,98.9L0,6.1V0h1000v6.1L500,98.9z\"\/>\n<\/svg>\t\t<\/div>\n\t\t<div class=\"elementor-element elementor-element-1b21189 e-con-full e-flex e-con e-child\" data-id=\"1b21189\" data-element_type=\"container\">\n\t\t\t\t<\/div>\n\t\t<div class=\"elementor-element elementor-element-fd8d765 e-con-full e-flex e-con e-child\" data-id=\"fd8d765\" data-element_type=\"container\">\n\t\t\t\t<div class=\"elementor-element elementor-element-9cda96f elementor-widget elementor-widget-image\" data-id=\"9cda96f\" data-element_type=\"widget\" data-widget_type=\"image.default\">\n\t\t\t\t<div class=\"elementor-widget-container\">\n\t\t\t\t\t\t\t\t\t\t\t\t\t\t\t<img decoding=\"async\" width=\"200\" height=\"35\" src=\"https:\/\/aylatantuni.com.tr\/wp-content\/uploads\/2025\/11\/divider-free-img-1.png\" class=\"attachment-full size-full wp-image-1069\" alt=\"divider free img 1.png\" title=\"Franchise\">\t\t\t\t\t\t\t\t\t\t\t\t\t\t\t<\/div>\n\t\t\t\t<\/div>\n\t\t\t\t<div class=\"elementor-element elementor-element-e0bf6b0 elementor-invisible elementor-widget elementor-widget-heading\" data-id=\"e0bf6b0\" data-element_type=\"widget\" data-settings=\"{&quot;_animation&quot;:&quot;fadeInDown&quot;}\" data-widget_type=\"heading.default\">\n\t\t\t\t<div class=\"elementor-widget-container\">\n\t\t\t\t\t<h3 class=\"elementor-heading-title elementor-size-default\">Contact us<\/h3>\t\t\t\t<\/div>\n\t\t\t\t<\/div>\n\t\t\t\t<div class=\"elementor-element elementor-element-b5e5219 elementor-invisible elementor-widget elementor-widget-heading\" data-id=\"b5e5219\" data-element_type=\"widget\" data-settings=\"{&quot;_animation&quot;:&quot;fadeInUp&quot;,&quot;_animation_delay&quot;:200}\" data-widget_type=\"heading.default\">\n\t\t\t\t<div class=\"elementor-widget-container\">\n\t\t\t\t\t<h1 class=\"elementor-heading-title elementor-size-default\">Franchise<\/h1>\t\t\t\t<\/div>\n\t\t\t\t<\/div>\n\t\t\t\t<div class=\"elementor-element elementor-element-f38f994 elementor-hidden-phone elementor-invisible elementor-widget elementor-widget-text-editor\" data-id=\"f38f994\" data-element_type=\"widget\" data-settings=\"{&quot;_animation&quot;:&quot;fadeInUp&quot;,&quot;_animation_delay&quot;:400}\" data-widget_type=\"text-editor.default\">\n\t\t\t\t<div class=\"elementor-widget-container\">\n\t\t\t\t\t\t\t\t\t<p>Founded 21 years ago by R\u0131za \u015eim\u015fek's passion and now rapidly advancing toward becoming a global brand with 14 restaurants across Turkey, Germany, Dubai, Uzbekistan, Kazakhstan, and Kyrgyzstan, Ayla Tantuni is growing even more with you! We are seeking strong business partners to bring our success-filled history and unique flavors to even more locations. Are you ready to become part of this profitable and prestigious culinary chain?<\/p>\t\t\t\t\t\t\t\t<\/div>\n\t\t\t\t<\/div>\n\t\t\t\t<\/div>\n\t\t<div class=\"elementor-element elementor-element-4055860 e-con-full e-flex e-con e-child\" data-id=\"4055860\" data-element_type=\"container\">\n\t\t\t\t<\/div>\n\t\t\t\t\t<\/div>\n\t\t\t\t<\/div>\n\t\t<div class=\"elementor-element elementor-element-ea0d169 e-flex e-con-boxed e-con e-parent\" data-id=\"ea0d169\" data-element_type=\"container\" data-settings=\"{&quot;background_background&quot;:&quot;classic&quot;}\">\n\t\t\t\t\t<div class=\"e-con-inner\">\n\t\t<div class=\"elementor-element elementor-element-e4c147b e-con-full e-flex e-con e-child\" data-id=\"e4c147b\" data-element_type=\"container\">\n\t\t<div class=\"elementor-element elementor-element-558098b e-flex e-con-boxed e-con e-child\" data-id=\"558098b\" data-element_type=\"container\">\n\t\t\t\t\t<div class=\"e-con-inner\">\n\t\t<div class=\"elementor-element elementor-element-68240bb e-con-full e-flex e-con e-child\" data-id=\"68240bb\" data-element_type=\"container\">\n\t\t\t\t<\/div>\n\t\t<div class=\"elementor-element elementor-element-85d6fd7 e-con-full e-flex e-con e-child\" data-id=\"85d6fd7\" data-element_type=\"container\">\n\t\t\t\t<div class=\"elementor-element elementor-element-2f3d258 elementor-invisible elementor-widget elementor-widget-heading\" data-id=\"2f3d258\" data-element_type=\"widget\" data-settings=\"{&quot;_animation&quot;:&quot;fadeInDown&quot;}\" data-widget_type=\"heading.default\">\n\t\t\t\t<div class=\"elementor-widget-container\">\n\t\t\t\t\t<h2 class=\"elementor-heading-title elementor-size-default\">Why Ayla Tantuni Franchise?<\/h2>\t\t\t\t<\/div>\n\t\t\t\t<\/div>\n\t\t\t\t<div class=\"elementor-element elementor-element-937de0e elementor-widget elementor-widget-text-editor\" data-id=\"937de0e\" data-element_type=\"widget\" data-widget_type=\"text-editor.default\">\n\t\t\t\t<div class=\"elementor-widget-container\">\n\t\t\t\t\t\t\t\t\t<p class=\"ng-star-inserted\"><span class=\"ng-star-inserted\">There are many advantages to franchising with Ayla Tantuni:<\/span><\/p><ul class=\"ng-star-inserted\"><li class=\"ng-star-inserted\"><p class=\"ng-star-inserted\"><strong class=\"ng-star-inserted\"><span class=\"ng-star-inserted\">Proven Success and Brand Power:<\/span><\/strong><span class=\"ng-star-inserted\">\u00a0With our 21-year history, loyal customer base, and internationally recognized brand value, you will have the strength of a powerful brand behind you.<\/span><\/p><\/li><li class=\"ng-star-inserted\"><p class=\"ng-star-inserted\"><strong class=\"ng-star-inserted\"><span class=\"ng-star-inserted\">Unique and Standardized Flavor:<\/span><\/strong><span class=\"ng-star-inserted\">\u00a0Our traditional tantuni recipe and meticulous cooking method guarantee the same high quality and unique taste at all our branches. Your customers will enjoy the same exquisite experience at every Ayla Tantuni location.<\/span><\/p><\/li><li class=\"ng-star-inserted\"><p class=\"ng-star-inserted\"><strong class=\"ng-star-inserted\"><span class=\"ng-star-inserted\">Comprehensive Support and Training:<\/span><\/strong><span class=\"ng-star-inserted\">\u00a0We provide comprehensive training and ongoing support to help you successfully manage your business from the moment you open. We are with you every step of the way in location selection, staff training, marketing strategies, and operational processes.<\/span><\/p><\/li><li class=\"ng-star-inserted\"><p class=\"ng-star-inserted\"><strong class=\"ng-star-inserted\"><span class=\"ng-star-inserted\">High Profitability Potential:<\/span><\/strong><span class=\"ng-star-inserted\">\u00a0The popularity of tantuni, a beloved dish of traditional Turkish cuisine, combined with Ayla Tantuni's modern and high-quality presentation, offers high customer satisfaction and, consequently, high profitability potential.<\/span><\/p><\/li><li class=\"ng-star-inserted\"><p class=\"ng-star-inserted\"><strong class=\"ng-star-inserted\"><span class=\"ng-star-inserted\">Wide Market and Growth Opportunities:<\/span><\/strong><span class=\"ng-star-inserted\">\u00a0Thanks to Ayla Tantuni's global vision, you will have a large market share and continuous growth opportunities in the rapidly growing restaurant industry both in Turkey and abroad.<\/span><\/p><\/li><li class=\"ng-star-inserted\"><p class=\"ng-star-inserted\"><strong class=\"ng-star-inserted\"><span class=\"ng-star-inserted\">Furalp Food Security:<\/span><\/strong><span class=\"ng-star-inserted\">\u00a0Under the Furalp G\u0131da umbrella, you benefit from all the advantages provided by a corporate structure and a strong infrastructure.<\/span><\/p><\/li><\/ul>\t\t\t\t\t\t\t\t<\/div>\n\t\t\t\t<\/div>\n\t\t\t\t<\/div>\n\t\t<div class=\"elementor-element elementor-element-db3ca70 e-con-full e-flex e-con e-child\" data-id=\"db3ca70\" data-element_type=\"container\">\n\t\t\t\t<\/div>\n\t\t\t\t\t<\/div>\n\t\t\t\t<\/div>\n\t\t<div class=\"elementor-element elementor-element-51ec543 e-con-full e-flex e-con e-child\" data-id=\"51ec543\" data-element_type=\"container\">\n\t\t<div class=\"elementor-element elementor-element-ac6d6c4 e-con-full e-flex e-con e-child\" data-id=\"ac6d6c4\" data-element_type=\"container\">\n\t\t\t\t<\/div>\n\t\t<div class=\"elementor-element elementor-element-2780a3b e-con-full e-flex e-con e-child\" data-id=\"2780a3b\" data-element_type=\"container\">\n\t\t\t\t<div class=\"elementor-element elementor-element-e954e0c elementor-invisible elementor-widget elementor-widget-heading\" data-id=\"e954e0c\" data-element_type=\"widget\" data-settings=\"{&quot;_animation&quot;:&quot;fadeInDown&quot;}\" data-widget_type=\"heading.default\">\n\t\t\t\t<div class=\"elementor-widget-container\">\n\t\t\t\t\t<h3 class=\"elementor-heading-title elementor-size-default\">Telephone<\/h3>\t\t\t\t<\/div>\n\t\t\t\t<\/div>\n\t\t\t\t<div class=\"elementor-element elementor-element-05843f9 elementor-invisible elementor-widget elementor-widget-heading\" data-id=\"05843f9\" data-element_type=\"widget\" data-settings=\"{&quot;_animation&quot;:&quot;fadeInDown&quot;}\" data-widget_type=\"heading.default\">\n\t\t\t\t<div class=\"elementor-widget-container\">\n\t\t\t\t\t<h4 class=\"elementor-heading-title elementor-size-default\"><a href=\"tel:%20+90%20532%20100%2064%2099\">0 532 100 64 99<\/a><\/h4>\t\t\t\t<\/div>\n\t\t\t\t<\/div>\n\t\t\t\t<\/div>\n\t\t<div class=\"elementor-element elementor-element-6e7bd10 e-con-full e-flex e-con e-child\" data-id=\"6e7bd10\" data-element_type=\"container\">\n\t\t\t\t<div class=\"elementor-element elementor-element-f4ca9f3 elementor-widget-divider--view-line elementor-widget elementor-widget-divider\" data-id=\"f4ca9f3\" data-element_type=\"widget\" data-widget_type=\"divider.default\">\n\t\t\t\t<div class=\"elementor-widget-container\">\n\t\t\t\t\t\t\t<div class=\"elementor-divider\">\n\t\t\t<span class=\"elementor-divider-separator\">\n\t\t\t\t\t\t<\/span>\n\t\t<\/div>\n\t\t\t\t\t\t<\/div>\n\t\t\t\t<\/div>\n\t\t\t\t<\/div>\n\t\t<div class=\"elementor-element elementor-element-2cd17b6 e-con-full e-flex e-con e-child\" data-id=\"2cd17b6\" data-element_type=\"container\">\n\t\t\t\t<div class=\"elementor-element elementor-element-f26b4e5 elementor-invisible elementor-widget elementor-widget-heading\" data-id=\"f26b4e5\" data-element_type=\"widget\" data-settings=\"{&quot;_animation&quot;:&quot;fadeInDown&quot;}\" data-widget_type=\"heading.default\">\n\t\t\t\t<div class=\"elementor-widget-container\">\n\t\t\t\t\t<h3 class=\"elementor-heading-title elementor-size-default\">Mail<\/h3>\t\t\t\t<\/div>\n\t\t\t\t<\/div>\n\t\t\t\t<div class=\"elementor-element elementor-element-3c955bc elementor-invisible elementor-widget elementor-widget-heading\" data-id=\"3c955bc\" data-element_type=\"widget\" data-settings=\"{&quot;_animation&quot;:&quot;fadeInDown&quot;}\" data-widget_type=\"heading.default\">\n\t\t\t\t<div class=\"elementor-widget-container\">\n\t\t\t\t\t<h4 class=\"elementor-heading-title elementor-size-default\"><a href=\"mailto:%20info@aylatantuni.com.tr\">info@aylatantuni.com.tr<\/a><\/h4>\t\t\t\t<\/div>\n\t\t\t\t<\/div>\n\t\t\t\t<\/div>\n\t\t<div class=\"elementor-element elementor-element-d826e62 e-con-full e-flex e-con e-child\" data-id=\"d826e62\" data-element_type=\"container\">\n\t\t\t\t<\/div>\n\t\t\t\t<\/div>\n\t\t<div class=\"elementor-element elementor-element-2d2f679 e-flex e-con-boxed e-con e-child\" data-id=\"2d2f679\" data-element_type=\"container\">\n\t\t\t\t\t<div class=\"e-con-inner\">\n\t\t<div class=\"elementor-element elementor-element-5f77275 e-con-full e-flex e-con e-child\" data-id=\"5f77275\" data-element_type=\"container\">\n\t\t\t\t<\/div>\n\t\t<div class=\"elementor-element elementor-element-45c3566 e-con-full e-flex e-con e-child\" data-id=\"45c3566\" data-element_type=\"container\">\n\t\t\t\t<div class=\"elementor-element elementor-element-afccf96 elementor-widget elementor-widget-image\" data-id=\"afccf96\" data-element_type=\"widget\" data-widget_type=\"image.default\">\n\t\t\t\t<div class=\"elementor-widget-container\">\n\t\t\t\t\t\t\t\t\t\t\t\t\t\t\t<img decoding=\"async\" width=\"200\" height=\"35\" src=\"https:\/\/aylatantuni.com.tr\/wp-content\/uploads\/2025\/11\/divider-free-img-1.png\" class=\"attachment-full size-full wp-image-1069\" alt=\"divider free img 1.png\" title=\"Franchise\">\t\t\t\t\t\t\t\t\t\t\t\t\t\t\t<\/div>\n\t\t\t\t<\/div>\n\t\t\t\t<div class=\"elementor-element elementor-element-17d065f elementor-invisible elementor-widget elementor-widget-heading\" data-id=\"17d065f\" data-element_type=\"widget\" data-settings=\"{&quot;_animation&quot;:&quot;fadeInDown&quot;}\" data-widget_type=\"heading.default\">\n\t\t\t\t<div class=\"elementor-widget-container\">\n\t\t\t\t\t<h3 class=\"elementor-heading-title elementor-size-default\">How Does the Franchise Process Work?<\/h3>\t\t\t\t<\/div>\n\t\t\t\t<\/div>\n\t\t\t\t<div class=\"elementor-element elementor-element-9587105 elementor-widget elementor-widget-text-editor\" data-id=\"9587105\" data-element_type=\"widget\" data-widget_type=\"text-editor.default\">\n\t\t\t\t<div class=\"elementor-widget-container\">\n\t\t\t\t\t\t\t\t\t<p class=\"ng-star-inserted\"><span class=\"ng-star-inserted\">Our process of joining the Ayla Tantuni family is very transparent and supportive:<\/span><\/p><ol class=\"ng-star-inserted\"><li class=\"ng-star-inserted\"><p class=\"ng-star-inserted\"><strong class=\"ng-star-inserted\"><span class=\"ng-star-inserted\">Preliminary Application:<\/span><\/strong><span class=\"ng-star-inserted\">\u00a0Fill out our franchise form to contact us.<\/span><\/p><\/li><li class=\"ng-star-inserted\"><p class=\"ng-star-inserted\"><strong class=\"ng-star-inserted\"><span class=\"ng-star-inserted\">Evaluation and Introduction:<\/span><\/strong><span class=\"ng-star-inserted\">\u00a0We will review your application and contact you to discuss our business model and your expectations.<\/span><\/p><\/li><li class=\"ng-star-inserted\"><p class=\"ng-star-inserted\"><strong class=\"ng-star-inserted\"><span class=\"ng-star-inserted\">Site Selection and Feasibility:<\/span><\/strong><span class=\"ng-star-inserted\">\u00a0We help you determine the most suitable business location by conducting location analysis and market research.<\/span><\/p><\/li><li class=\"ng-star-inserted\"><p class=\"ng-star-inserted\"><strong class=\"ng-star-inserted\"><span class=\"ng-star-inserted\">Contract and Training:<\/span><\/strong><span class=\"ng-star-inserted\">\u00a0After signing the franchise agreement, you will participate in our comprehensive training program.<\/span><\/p><\/li><li class=\"ng-star-inserted\"><p class=\"ng-star-inserted\"><strong class=\"ng-star-inserted\"><span class=\"ng-star-inserted\">Opening and Ongoing Support:<\/span><\/strong><span class=\"ng-star-inserted\">\u00a0We will be by your side during your restaurant's opening and continue to provide operational and marketing support afterward.<\/span><\/p><\/li><\/ol><h3 class=\"ng-star-inserted\"><strong class=\"ng-star-inserted\"><span class=\"ng-star-inserted\">Apply Now, Be Part of a Delicious Future!<\/span><\/strong><\/h3><p class=\"ng-star-inserted\"><span class=\"ng-star-inserted\">If you want to be part of Ayla Tantuni's global success story, be your own boss, and bring a traditional flavor to the world, don't wait any longer! Apply now to join the Ayla Tantuni family and step into a future filled with flavor.<\/span><\/p>\t\t\t\t\t\t\t\t<\/div>\n\t\t\t\t<\/div>\n\t\t\t\t<\/div>\n\t\t<div class=\"elementor-element elementor-element-9771922 e-con-full e-flex e-con e-child\" data-id=\"9771922\" data-element_type=\"container\">\n\t\t\t\t<\/div>\n\t\t\t\t\t<\/div>\n\t\t\t\t<\/div>\n\t\t<div class=\"elementor-element elementor-element-69abccd e-grid e-con-full e-con e-child\" data-id=\"69abccd\" data-element_type=\"container\">\n\t\t<div class=\"elementor-element elementor-element-397a138 e-con-full e-flex e-con e-child\" data-id=\"397a138\" data-element_type=\"container\" data-settings=\"{&quot;background_background&quot;:&quot;classic&quot;}\">\n\t\t\t\t<div class=\"elementor-element elementor-element-e060a6b elementor-widget elementor-widget-wpforms\" data-id=\"e060a6b\" data-element_type=\"widget\" data-widget_type=\"wpforms.default\">\n\t\t\t\t<div class=\"elementor-widget-container\">\n\t\t\t\t\t<div class=\"wpforms-container\" id=\"wpforms-1476\"><form id=\"wpforms-form-1476\" class=\"wpforms-validate wpforms-form wpforms-ajax-form\" data-formid=\"1476\" method=\"post\" enctype=\"multipart\/form-data\" action=\"\/en\/wp-json\/wp\/v2\/pages\/1483\" data-token=\"230041e9e6a91398a9d5a57906c4c7d7\" data-token-time=\"1779051032\" data-trp-original-action=\"\/en\/wp-json\/wp\/v2\/pages\/1483\"><noscript class=\"wpforms-error-noscript\">Please enable JavaScript in your browser to complete this form.<\/noscript><div class=\"wpforms-field-container\">\t\t<div id=\"wpforms-1476-field_4-container\"\n\t\t\tclass=\"wpforms-field wpforms-field-text\"\n\t\t\tdata-field-type=\"text\"\n\t\t\tdata-field-id=\"4\"\n\t\t\t>\n\t\t\t<label class=\"wpforms-field-label\" for=\"wpforms-1476-field_4\" >Soyad\u0131 E-posta Mesaj<\/label>\n\t\t\t<input type=\"text\" id=\"wpforms-1476-field_4\" class=\"wpforms-field-medium\" name=\"wpforms[fields][4]\" >\n\t\t<\/div>\n\t\t<div id=\"wpforms-1476-field_1-container\" class=\"wpforms-field wpforms-field-name\" data-field-id=\"1\"><label class=\"wpforms-field-label\">Name and Surname <span class=\"wpforms-required-label\">*<\/span><\/label><div class=\"wpforms-field-row wpforms-field-medium\"><div class=\"wpforms-field-row-block wpforms-first wpforms-one-half\"><input type=\"text\" id=\"wpforms-1476-field_1\" class=\"wpforms-field-name-first wpforms-field-required\" name=\"wpforms[fields][1][first]\" required><label for=\"wpforms-1476-field_1\" class=\"wpforms-field-sublabel after\">First<\/label><\/div><div class=\"wpforms-field-row-block wpforms-one-half\"><input type=\"text\" id=\"wpforms-1476-field_1-last\" class=\"wpforms-field-name-last wpforms-field-required\" name=\"wpforms[fields][1][last]\" required><label for=\"wpforms-1476-field_1-last\" class=\"wpforms-field-sublabel after\">Last<\/label><\/div><\/div><\/div><div id=\"wpforms-1476-field_2-container\" class=\"wpforms-field wpforms-field-email\" data-field-id=\"2\"><label class=\"wpforms-field-label\" for=\"wpforms-1476-field_2\">Mail <span class=\"wpforms-required-label\">*<\/span><\/label><input type=\"email\" id=\"wpforms-1476-field_2\" class=\"wpforms-field-medium wpforms-field-required\" name=\"wpforms[fields][2]\" spellcheck=\"false\" required><\/div><div id=\"wpforms-1476-field_3-container\" class=\"wpforms-field wpforms-field-textarea\" data-field-id=\"3\"><label class=\"wpforms-field-label\" for=\"wpforms-1476-field_3\">Message<\/label><textarea id=\"wpforms-1476-field_3\" class=\"wpforms-field-medium\" name=\"wpforms[fields][3]\" ><\/textarea><\/div><script>\n\t\t\t\t( function() {\n\t\t\t\t\tconst style = document.createElement( 'style' );\n\t\t\t\t\tstyle.appendChild( document.createTextNode( '#wpforms-1476-field_4-container { position: absolute !important; overflow: hidden !important; display: inline !important; height: 1px !important; width: 1px !important; z-index: -1000 !important; padding: 0 !important; } #wpforms-1476-field_4-container input { visibility: hidden; } #wpforms-conversational-form-page #wpforms-1476-field_4-container label { counter-increment: none; }' ) );\n\t\t\t\t\tdocument.head.appendChild( style );\n\t\t\t\t\tdocument.currentScript?.remove();\n\t\t\t\t} )();\n\t\t\t<\/script><\/div><!-- .wpforms-field-container --><div class=\"wpforms-submit-container\" ><input type=\"hidden\" name=\"wpforms[id]\" value=\"1476\"><input type=\"hidden\" name=\"page_title\" value=\"\"><input type=\"hidden\" name=\"page_url\" value=\"https:\/\/aylatantuni.com.tr\/en\/wp-json\/wp\/v2\/pages\/1483\"><input type=\"hidden\" name=\"url_referer\" value=\"\"><button type=\"submit\" name=\"wpforms[submit]\" id=\"wpforms-submit-1476\" class=\"wpforms-submit\" data-alt-text=\"G\u00f6nderiliyor...\" data-submit-text=\"G\u00f6nder\" aria-live=\"assertive\" value=\"wpforms-submit\">Submit<\/button><img decoding=\"async\" src=\"https:\/\/aylatantuni.com.tr\/wp-content\/plugins\/wpforms-lite\/assets\/images\/submit-spin.svg\" class=\"wpforms-submit-spinner\" style=\"display: none;\" width=\"26\" height=\"26\" alt=\"Loading\" title=\"Franchise\"><\/div><input type=\"hidden\" name=\"trp-form-language\" value=\"en\"\/><\/form><\/div>  <!-- .wpforms-container -->\t\t\t\t<\/div>\n\t\t\t\t<\/div>\n\t\t\t\t<\/div>\n\t\t\t\t<\/div>\n\t\t\t\t<\/div>\n\t\t\t\t\t<\/div>\n\t\t\t\t<\/div>\n\t\t\t\t<\/div>","protected":false},"excerpt":{"rendered":"<p>Bize Ula\u015f\u0131n Franchise 21 y\u0131l \u00f6nce R\u0131za \u015eim\u015fek&#8217;in tutkusuyla yola \u00e7\u0131kan ve bug\u00fcn T\u00fcrkiye, Almanya, Dubai, \u00d6zbekistan, Kazakistan ve K\u0131rg\u0131zistan&#8217;da 14 restoran\u0131yla k\u00fcresel bir marka olma yolunda h\u0131zla ilerleyen Ayla Tantuni, \u015fimdi sizinle birlikte daha da b\u00fcy\u00fcyor! Ba\u015far\u0131larla dolu ge\u00e7mi\u015fimizi ve e\u015fsiz lezzetimizi daha fazla noktaya ta\u015f\u0131mak i\u00e7in g\u00fc\u00e7l\u00fc i\u015f ortaklar\u0131 ar\u0131yoruz. Siz de bu [&hellip;]<\/p>","protected":false},"author":1,"featured_media":0,"parent":0,"menu_order":3,"comment_status":"closed","ping_status":"closed","template":"","meta":{"_uag_custom_page_level_css":"","site-sidebar-layout":"no-sidebar","site-content-layout":"page-builder","ast-site-content-layout":"default","site-content-style":"default","site-sidebar-style":"default","ast-global-header-display":"","ast-banner-title-visibility":"","ast-main-header-display":"","ast-hfb-above-header-display":"","ast-hfb-below-header-display":"","ast-hfb-mobile-header-display":"","site-post-title":"disabled","ast-breadcrumbs-content":"","ast-featured-img":"disabled","footer-sml-layout":"","theme-transparent-header-meta":"","adv-header-id-meta":"","stick-header-meta":"","header-above-stick-meta":"","header-main-stick-meta":"","header-below-stick-meta":"","astra-migrate-meta-layouts":"default","ast-page-background-enabled":"default","ast-page-background-meta":{"desktop":{"background-color":"","background-image":"","background-repeat":"repeat","background-position":"center center","background-size":"auto","background-attachment":"scroll","background-type":"","background-media":"","overlay-type":"","overlay-color":"","overlay-opacity":"","overlay-gradient":""},"tablet":{"background-color":"","background-image":"","background-repeat":"repeat","background-position":"center center","background-size":"auto","background-attachment":"scroll","background-type":"","background-media":"","overlay-type":"","overlay-color":"","overlay-opacity":"","overlay-gradient":""},"mobile":{"background-color":"","background-image":"","background-repeat":"repeat","background-position":"center center","background-size":"auto","background-attachment":"scroll","background-type":"","background-media":"","overlay-type":"","overlay-color":"","overlay-opacity":"","overlay-gradient":""}},"ast-content-background-meta":{"desktop":{"background-color":"var(--ast-global-color-5)","background-image":"","background-repeat":"repeat","background-position":"center center","background-size":"auto","background-attachment":"scroll","background-type":"","background-media":"","overlay-type":"","overlay-color":"","overlay-opacity":"","overlay-gradient":""},"tablet":{"background-color":"var(--ast-global-color-5)","background-image":"","background-repeat":"repeat","background-position":"center center","background-size":"auto","background-attachment":"scroll","background-type":"","background-media":"","overlay-type":"","overlay-color":"","overlay-opacity":"","overlay-gradient":""},"mobile":{"background-color":"var(--ast-global-color-5)","background-image":"","background-repeat":"repeat","background-position":"center center","background-size":"auto","background-attachment":"scroll","background-type":"","background-media":"","overlay-type":"","overlay-color":"","overlay-opacity":"","overlay-gradient":""}},"footnotes":""},"class_list":["post-1483","page","type-page","status-publish","hentry"],"uagb_featured_image_src":{"full":false,"thumbnail":false,"medium":false,"medium_large":false,"large":false,"1536x1536":false,"2048x2048":false,"trp-custom-language-flag":false},"uagb_author_info":{"display_name":"admin","author_link":"https:\/\/aylatantuni.com.tr\/en\/author\/ulasdurmus\/"},"uagb_comment_info":0,"uagb_excerpt":"Bize Ula\u015f\u0131n Franchise 21 y\u0131l \u00f6nce R\u0131za \u015eim\u015fek&#8217;in tutkusuyla yola \u00e7\u0131kan ve bug\u00fcn T\u00fcrkiye, Almanya, Dubai, \u00d6zbekistan, Kazakistan ve K\u0131rg\u0131zistan&#8217;da 14 restoran\u0131yla k\u00fcresel bir marka olma yolunda h\u0131zla ilerleyen Ayla Tantuni, \u015fimdi sizinle birlikte daha da b\u00fcy\u00fcyor! Ba\u015far\u0131larla dolu ge\u00e7mi\u015fimizi ve e\u015fsiz lezzetimizi daha fazla noktaya ta\u015f\u0131mak i\u00e7in g\u00fc\u00e7l\u00fc i\u015f ortaklar\u0131 ar\u0131yoruz. Siz de bu&hellip;","_links":{"self":[{"href":"https:\/\/aylatantuni.com.tr\/en\/wp-json\/wp\/v2\/pages\/1483","targetHints":{"allow":["GET"]}}],"collection":[{"href":"https:\/\/aylatantuni.com.tr\/en\/wp-json\/wp\/v2\/pages"}],"about":[{"href":"https:\/\/aylatantuni.com.tr\/en\/wp-json\/wp\/v2\/types\/page"}],"author":[{"embeddable":true,"href":"https:\/\/aylatantuni.com.tr\/en\/wp-json\/wp\/v2\/users\/1"}],"replies":[{"embeddable":true,"href":"https:\/\/aylatantuni.com.tr\/en\/wp-json\/wp\/v2\/comments?post=1483"}],"version-history":[{"count":20,"href":"https:\/\/aylatantuni.com.tr\/en\/wp-json\/wp\/v2\/pages\/1483\/revisions"}],"predecessor-version":[{"id":1503,"href":"https:\/\/aylatantuni.com.tr\/en\/wp-json\/wp\/v2\/pages\/1483\/revisions\/1503"}],"wp:attachment":[{"href":"https:\/\/aylatantuni.com.tr\/en\/wp-json\/wp\/v2\/media?parent=1483"}],"curies":[{"name":"wp","href":"https:\/\/api.w.org\/{rel}","templated":true}]}}