{"id":1421,"date":"2025-11-25T19:40:00","date_gmt":"2025-11-25T19:40:00","guid":{"rendered":"https:\/\/aylatantuni.com.tr\/?page_id=1421"},"modified":"2025-11-27T16:12:28","modified_gmt":"2025-11-27T16:12:28","slug":"ozbekistan-taskent","status":"publish","type":"page","link":"https:\/\/aylatantuni.com.tr\/en\/subelerimiz\/ozbekistan-taskent\/","title":{"rendered":"Uzbekistan Tashkent"},"content":{"rendered":"<div data-elementor-type=\"wp-page\" data-elementor-id=\"1421\" class=\"elementor elementor-1421\">\n\t\t\t\t<div class=\"elementor-element elementor-element-undefined-acb83b4 e-flex e-con-boxed e-con e-parent\" data-id=\"undefined-acb83b4\" data-element_type=\"container\">\n\t\t\t\t\t<div class=\"e-con-inner\">\n\t\t<div class=\"elementor-element elementor-element-ac6e7e3 e-con-full e-flex e-con e-child\" data-id=\"ac6e7e3\" data-element_type=\"container\">\n\t\t<div class=\"elementor-element elementor-element-2501882a e-con-full e-flex e-con e-child\" data-id=\"2501882a\" data-element_type=\"container\" data-settings=\"{&quot;background_background&quot;:&quot;classic&quot;}\">\n\t\t\t\t<div class=\"elementor-element elementor-element-4dafbc1f elementor-widget elementor-widget-google_maps\" data-id=\"4dafbc1f\" data-element_type=\"widget\" data-widget_type=\"google_maps.default\">\n\t\t\t\t<div class=\"elementor-widget-container\">\n\t\t\t\t\t\t\t<div class=\"elementor-custom-embed\">\n\t\t\t<iframe loading=\"lazy\"\n\t\t\t\t\tsrc=\"https:\/\/www.google.com\/maps\/embed\/v1\/place?key=AIzaSyCz7giOmIqOvx-eCZDaIVxVQviHCEcB1So&#038;q=ayla%20tantuni%20%C3%B6zbekistan&#038;zoom=17\"\n\t\t\t\t\ttitle=\"ayla tantuni \u00f6zbekistan\"\n\t\t\t\t\taria-label=\"ayla tantuni \u00f6zbekistan\"\n\t\t\t><\/iframe>\n\t\t<\/div>\n\t\t\t\t\t\t<\/div>\n\t\t\t\t<\/div>\n\t\t\t\t<\/div>\n\t\t<div class=\"elementor-element elementor-element-4167ddc1 e-con-full e-flex e-con e-child\" data-id=\"4167ddc1\" data-element_type=\"container\">\n\t\t\t\t<div class=\"elementor-element elementor-element-7dc4209 elementor-align-left elementor-icon-list--layout-traditional elementor-list-item-link-full_width elementor-widget elementor-widget-icon-list\" data-id=\"7dc4209\" data-element_type=\"widget\" data-widget_type=\"icon-list.default\">\n\t\t\t\t<div class=\"elementor-widget-container\">\n\t\t\t\t\t\t\t<ul class=\"elementor-icon-list-items\">\n\t\t\t\t\t\t\t<li class=\"elementor-icon-list-item\">\n\t\t\t\t\t\t\t\t\t\t<span class=\"elementor-icon-list-text\"><b>Addres<\/b> \u0443\u0439, \u0433, \u0443\u043b\u0438\u0446\u0430 \u0411\u0430\u0445\u0430\u0434\u0438\u0440 1\/1, \u0422\u043eshkent, Toshkent, \u00d6zbekistan<\/span>\n\t\t\t\t\t\t\t\t\t<\/li>\n\t\t\t\t\t\t\t\t<li class=\"elementor-icon-list-item\">\n\t\t\t\t\t\t\t\t\t\t<span class=\"elementor-icon-list-text\"><b>Working Hours:<\/b> <br>Hafta \u0130\u00e7i 09.00 - 03.00 <br> Hafta Sonu: 09.00 - 03.00<\/span>\n\t\t\t\t\t\t\t\t\t<\/li>\n\t\t\t\t\t\t\t\t<li class=\"elementor-icon-list-item\">\n\t\t\t\t\t\t\t\t\t\t<span class=\"elementor-icon-list-text\"><b>Phone<\/b> +998772514986<\/span>\n\t\t\t\t\t\t\t\t\t<\/li>\n\t\t\t\t\t\t\t\t<li class=\"elementor-icon-list-item\">\n\t\t\t\t\t\t\t\t\t\t<span class=\"elementor-icon-list-text\"><b>Mail<\/b> info@aylatantuni.com.tr<\/span>\n\t\t\t\t\t\t\t\t\t<\/li>\n\t\t\t\t\t\t<\/ul>\n\t\t\t\t\t\t<\/div>\n\t\t\t\t<\/div>\n\t\t\t\t<\/div>\n\t\t\t\t<\/div>\n\t\t<div class=\"elementor-element elementor-element-undefined-3565350 e-flex e-con-boxed e-con e-child\" data-id=\"undefined-3565350\" data-element_type=\"container\">\n\t\t\t\t\t<div class=\"e-con-inner\">\n\t\t\t\t<div class=\"elementor-element elementor-element-8ae39a9 elementor-widget elementor-widget-heading\" data-id=\"8ae39a9\" data-element_type=\"widget\" data-widget_type=\"heading.default\">\n\t\t\t\t<div class=\"elementor-widget-container\">\n\t\t\t\t\t<h1 class=\"elementor-heading-title elementor-size-default\">Ayla Tantuni Uzbekistan Tashkent: The Silk Road's New Culinary Destination<\/h1>\t\t\t\t<\/div>\n\t\t\t\t<\/div>\n\t\t\t\t<div class=\"elementor-element elementor-element-undefined-1e6b5b8 elementor-widget elementor-widget-text-editor\" data-id=\"undefined-1e6b5b8\" data-element_type=\"widget\" data-widget_type=\"text-editor.default\">\n\t\t\t\t<div class=\"elementor-widget-container\">\n\t\t\t\t\t\t\t\t\t<p class=\"translation-block\">```html\n<span class=\"ng-star-inserted\">Tashkent, the historical and cultural capital of Central Asia where modern life meets rich traditions, is now meeting the unique flavors of Ayla Tantuni! <\/span>\n<strong class=\"ng-star-inserted\"><span class=\"ng-star-inserted\">Ayla Tantuni Uzbekistan Tashkent<\/span><\/strong>\n<span class=\"ng-star-inserted\">branch blends the traditional Mersin tantuni experience with the dynamic and hospitable atmosphere of this ancient city. With years of expertise and unwavering dedication to flavor, we are ready to offer unforgettable moments to all tantuni lovers in Tashkent.<\/span>\n```<\/p>\t\t\t\t\t\t\t\t<\/div>\n\t\t\t\t<\/div>\n\t\t\t\t<div class=\"elementor-element elementor-element-undefined-eab6280 elementor-widget elementor-widget-heading\" data-id=\"undefined-eab6280\" data-element_type=\"widget\" data-widget_type=\"heading.default\">\n\t\t\t\t<div class=\"elementor-widget-container\">\n\t\t\t\t\t<h1 class=\"elementor-heading-title elementor-size-default\">Authentic Turkish Tantuni is waiting for you in Tashkent!<\/h1>\t\t\t\t<\/div>\n\t\t\t\t<\/div>\n\t\t\t\t<div class=\"elementor-element elementor-element-22cf973 elementor-widget elementor-widget-text-editor\" data-id=\"22cf973\" data-element_type=\"widget\" data-widget_type=\"text-editor.default\">\n\t\t\t\t<div class=\"elementor-widget-container\">\n\t\t\t\t\t\t\t\t\t<p class=\"translation-block\">```html\n<span class=\"ng-star-inserted\">If you\u2019re wondering <\/span>\n<strong class=\"ng-star-inserted\"><span class=\"ng-star-inserted\">where to eat real tantuni in Tashkent<\/span><\/strong>\n<span class=\"ng-star-inserted\"> or looking for <\/span>\n<strong class=\"ng-star-inserted\"><span class=\"ng-star-inserted\">authentic Turkish flavors in Uzbekistan<\/span><\/strong>\n<span class=\"ng-star-inserted\">, your search ends here! At Ayla Tantuni, we proudly continue the flavor journey that R\u0131za \u015eim\u015fek started 21 years ago with the same care and mastery. Every tantuni served in our branch is prepared with fresh daily meat and chicken, our special spice blend, and the skilled hands of our talented chefs\u2014leaving a memorable taste on your palate. Whether you prefer it spicy or mild, with yogurt, or inside a fresh loaf of bread, all your tantuni expectations will be fully met at <\/span>\n<strong class=\"ng-star-inserted\"><span class=\"ng-star-inserted\">Ayla Tantuni Uzbekistan Tashkent<\/span><\/strong>\n<span class=\"ng-star-inserted\">.<\/span>\n```<\/p>\t\t\t\t\t\t\t\t<\/div>\n\t\t\t\t<\/div>\n\t\t\t\t\t<\/div>\n\t\t\t\t<\/div>\n\t\t<div class=\"elementor-element elementor-element-undefined-64746e0 e-con-full e-flex e-con e-child\" data-id=\"undefined-64746e0\" data-element_type=\"container\">\n\t\t\t\t<div class=\"elementor-element elementor-element-undefined-6aaddf4 elementor-widget-mobile__width-initial elementor-widget elementor-widget-image\" data-id=\"undefined-6aaddf4\" data-element_type=\"widget\" data-widget_type=\"image.default\">\n\t\t\t\t<div class=\"elementor-widget-container\">\n\t\t\t\t\t\t\t\t\t\t\t\t\t\t\t<img fetchpriority=\"high\" decoding=\"async\" width=\"1024\" height=\"896\" src=\"https:\/\/aylatantuni.com.tr\/wp-content\/uploads\/2025\/11\/tantuni-menu-1024x896.webp\" class=\"attachment-large size-large wp-image-1100\" alt=\"tantuni menu\" srcset=\"https:\/\/aylatantuni.com.tr\/wp-content\/uploads\/2025\/11\/tantuni-menu-1024x896.webp 1024w, https:\/\/aylatantuni.com.tr\/wp-content\/uploads\/2025\/11\/tantuni-menu-300x263.webp 300w, https:\/\/aylatantuni.com.tr\/wp-content\/uploads\/2025\/11\/tantuni-menu-768x672.webp 768w, https:\/\/aylatantuni.com.tr\/wp-content\/uploads\/2025\/11\/tantuni-menu-1536x1344.webp 1536w, https:\/\/aylatantuni.com.tr\/wp-content\/uploads\/2025\/11\/tantuni-menu-2048x1793.webp 2048w\" sizes=\"(max-width: 1024px) 100vw, 1024px\" title=\"Uzbekistan Tashkent\">\t\t\t\t\t\t\t\t\t\t\t\t\t\t\t<\/div>\n\t\t\t\t<\/div>\n\t\t\t\t<div class=\"elementor-element elementor-element-undefined-de96dda elementor-widget-mobile__width-initial elementor-widget elementor-widget-image\" data-id=\"undefined-de96dda\" data-element_type=\"widget\" data-widget_type=\"image.default\">\n\t\t\t\t<div class=\"elementor-widget-container\">\n\t\t\t\t\t\t\t\t\t\t\t\t\t\t\t<img decoding=\"async\" width=\"683\" height=\"1024\" src=\"https:\/\/aylatantuni.com.tr\/wp-content\/uploads\/2025\/11\/yogurtlu-tantuni-1-683x1024.webp\" class=\"attachment-large size-large wp-image-1134\" alt=\"yo\u011furtlu tantuni (1)\" srcset=\"https:\/\/aylatantuni.com.tr\/wp-content\/uploads\/2025\/11\/yogurtlu-tantuni-1-683x1024.webp 683w, https:\/\/aylatantuni.com.tr\/wp-content\/uploads\/2025\/11\/yogurtlu-tantuni-1-200x300.webp 200w, https:\/\/aylatantuni.com.tr\/wp-content\/uploads\/2025\/11\/yogurtlu-tantuni-1-768x1152.webp 768w, https:\/\/aylatantuni.com.tr\/wp-content\/uploads\/2025\/11\/yogurtlu-tantuni-1-1024x1536.webp 1024w, https:\/\/aylatantuni.com.tr\/wp-content\/uploads\/2025\/11\/yogurtlu-tantuni-1-1365x2048.webp 1365w, https:\/\/aylatantuni.com.tr\/wp-content\/uploads\/2025\/11\/yogurtlu-tantuni-1-scaled.webp 1707w\" sizes=\"(max-width: 683px) 100vw, 683px\" title=\"Uzbekistan Tashkent\">\t\t\t\t\t\t\t\t\t\t\t\t\t\t\t<\/div>\n\t\t\t\t<\/div>\n\t\t\t\t<\/div>\n\t\t\t\t\t<\/div>\n\t\t\t\t<\/div>\n\t\t\t\t<\/div>","protected":false},"excerpt":{"rendered":"<p>Adres: \u0443\u0439, \u0433, \u0443\u043b\u0438\u0446\u0430 \u0411\u0430\u0445\u0430\u0434\u0438\u0440 1\/1, \u0422\u043eshkent, Toshkent, \u00d6zbekistan \u00c7al\u0131\u015fma Saatleri: Hafta \u0130\u00e7i 09.00 &#8211; 03.00 Hafta Sonu: 09.00 &#8211; 03.00 Telefon: +998772514986 Email: info@aylatantuni.com.tr Ayla Tantuni \u00d6zbekistan Ta\u015fkent: \u0130pek Yolu&#8217;nun Yeni Lezzet Dura\u011f\u0131 Orta Asya&#8217;n\u0131n tarihi ve k\u00fclt\u00fcrel ba\u015fkenti, modern ya\u015fam\u0131n ve geleneklerin bulu\u015ftu\u011fu Ta\u015fkent, \u015fimdi Ayla Tantuni&#8217;nin e\u015fsiz lezzetleriyle bulu\u015fuyor!\u00a0Ayla Tantuni \u00d6zbekistan Ta\u015fkent\u00a0\u015fubemiz, [&hellip;]<\/p>","protected":false},"author":1,"featured_media":0,"parent":1384,"menu_order":0,"comment_status":"closed","ping_status":"closed","template":"","meta":{"_uag_custom_page_level_css":"","site-sidebar-layout":"no-sidebar","site-content-layout":"page-builder","ast-site-content-layout":"full-width-container","site-content-style":"default","site-sidebar-style":"default","ast-global-header-display":"","ast-banner-title-visibility":"","ast-main-header-display":"","ast-hfb-above-header-display":"","ast-hfb-below-header-display":"","ast-hfb-mobile-header-display":"","site-post-title":"","ast-breadcrumbs-content":"","ast-featured-img":"disabled","footer-sml-layout":"","theme-transparent-header-meta":"","adv-header-id-meta":"","stick-header-meta":"","header-above-stick-meta":"","header-main-stick-meta":"","header-below-stick-meta":"","astra-migrate-meta-layouts":"set","ast-page-background-enabled":"default","ast-page-background-meta":{"desktop":{"background-color":"","background-image":"","background-repeat":"repeat","background-position":"center center","background-size":"auto","background-attachment":"scroll","background-type":"","background-media":"","overlay-type":"","overlay-color":"","overlay-opacity":"","overlay-gradient":""},"tablet":{"background-color":"","background-image":"","background-repeat":"repeat","background-position":"center center","background-size":"auto","background-attachment":"scroll","background-type":"","background-media":"","overlay-type":"","overlay-color":"","overlay-opacity":"","overlay-gradient":""},"mobile":{"background-color":"","background-image":"","background-repeat":"repeat","background-position":"center center","background-size":"auto","background-attachment":"scroll","background-type":"","background-media":"","overlay-type":"","overlay-color":"","overlay-opacity":"","overlay-gradient":""}},"ast-content-background-meta":{"desktop":{"background-color":"var(--ast-global-color-5)","background-image":"","background-repeat":"repeat","background-position":"center center","background-size":"auto","background-attachment":"scroll","background-type":"","background-media":"","overlay-type":"","overlay-color":"","overlay-opacity":"","overlay-gradient":""},"tablet":{"background-color":"var(--ast-global-color-5)","background-image":"","background-repeat":"repeat","background-position":"center center","background-size":"auto","background-attachment":"scroll","background-type":"","background-media":"","overlay-type":"","overlay-color":"","overlay-opacity":"","overlay-gradient":""},"mobile":{"background-color":"var(--ast-global-color-5)","background-image":"","background-repeat":"repeat","background-position":"center center","background-size":"auto","background-attachment":"scroll","background-type":"","background-media":"","overlay-type":"","overlay-color":"","overlay-opacity":"","overlay-gradient":""}},"footnotes":""},"class_list":["post-1421","page","type-page","status-publish","hentry"],"uagb_featured_image_src":{"full":false,"thumbnail":false,"medium":false,"medium_large":false,"large":false,"1536x1536":false,"2048x2048":false,"trp-custom-language-flag":false},"uagb_author_info":{"display_name":"admin","author_link":"https:\/\/aylatantuni.com.tr\/en\/author\/ulasdurmus\/"},"uagb_comment_info":0,"uagb_excerpt":"Adres: \u0443\u0439, \u0433, \u0443\u043b\u0438\u0446\u0430 \u0411\u0430\u0445\u0430\u0434\u0438\u0440 1\/1, \u0422\u043eshkent, Toshkent, \u00d6zbekistan \u00c7al\u0131\u015fma Saatleri: Hafta \u0130\u00e7i 09.00 &#8211; 03.00 Hafta Sonu: 09.00 &#8211; 03.00 Telefon: +998772514986 Email: info@aylatantuni.com.tr Ayla Tantuni \u00d6zbekistan Ta\u015fkent: \u0130pek Yolu&#8217;nun Yeni Lezzet Dura\u011f\u0131 Orta Asya&#8217;n\u0131n tarihi ve k\u00fclt\u00fcrel ba\u015fkenti, modern ya\u015fam\u0131n ve geleneklerin bulu\u015ftu\u011fu Ta\u015fkent, \u015fimdi Ayla Tantuni&#8217;nin e\u015fsiz lezzetleriyle bulu\u015fuyor!\u00a0Ayla Tantuni \u00d6zbekistan Ta\u015fkent\u00a0\u015fubemiz,&hellip;","_links":{"self":[{"href":"https:\/\/aylatantuni.com.tr\/en\/wp-json\/wp\/v2\/pages\/1421","targetHints":{"allow":["GET"]}}],"collection":[{"href":"https:\/\/aylatantuni.com.tr\/en\/wp-json\/wp\/v2\/pages"}],"about":[{"href":"https:\/\/aylatantuni.com.tr\/en\/wp-json\/wp\/v2\/types\/page"}],"author":[{"embeddable":true,"href":"https:\/\/aylatantuni.com.tr\/en\/wp-json\/wp\/v2\/users\/1"}],"replies":[{"embeddable":true,"href":"https:\/\/aylatantuni.com.tr\/en\/wp-json\/wp\/v2\/comments?post=1421"}],"version-history":[{"count":5,"href":"https:\/\/aylatantuni.com.tr\/en\/wp-json\/wp\/v2\/pages\/1421\/revisions"}],"predecessor-version":[{"id":1445,"href":"https:\/\/aylatantuni.com.tr\/en\/wp-json\/wp\/v2\/pages\/1421\/revisions\/1445"}],"up":[{"embeddable":true,"href":"https:\/\/aylatantuni.com.tr\/en\/wp-json\/wp\/v2\/pages\/1384"}],"wp:attachment":[{"href":"https:\/\/aylatantuni.com.tr\/en\/wp-json\/wp\/v2\/media?parent=1421"}],"curies":[{"name":"wp","href":"https:\/\/api.w.org\/{rel}","templated":true}]}}