{"id":1354,"date":"2025-11-24T19:19:22","date_gmt":"2025-11-24T19:19:22","guid":{"rendered":"https:\/\/aylatantuni.com.tr\/?page_id=1354"},"modified":"2025-11-27T16:14:21","modified_gmt":"2025-11-27T16:14:21","slug":"istanbul-kadikoy","status":"publish","type":"page","link":"https:\/\/aylatantuni.com.tr\/en\/subelerimiz\/istanbul-kadikoy\/","title":{"rendered":"Istanbul Kadikoy"},"content":{"rendered":"<div data-elementor-type=\"wp-page\" data-elementor-id=\"1354\" class=\"elementor elementor-1354\">\n\t\t\t\t<div class=\"elementor-element elementor-element-undefined-acb83b4 e-flex e-con-boxed e-con e-parent\" data-id=\"undefined-acb83b4\" data-element_type=\"container\">\n\t\t\t\t\t<div class=\"e-con-inner\">\n\t\t<div class=\"elementor-element elementor-element-ac6e7e3 e-con-full e-flex e-con e-child\" data-id=\"ac6e7e3\" data-element_type=\"container\">\n\t\t<div class=\"elementor-element elementor-element-2501882a e-con-full e-flex e-con e-child\" data-id=\"2501882a\" data-element_type=\"container\" data-settings=\"{&quot;background_background&quot;:&quot;classic&quot;}\">\n\t\t\t\t<div class=\"elementor-element elementor-element-4dafbc1f elementor-widget elementor-widget-google_maps\" data-id=\"4dafbc1f\" data-element_type=\"widget\" data-widget_type=\"google_maps.default\">\n\t\t\t\t<div class=\"elementor-widget-container\">\n\t\t\t\t\t\t\t<div class=\"elementor-custom-embed\">\n\t\t\t<iframe loading=\"lazy\"\n\t\t\t\t\tsrc=\"https:\/\/www.google.com\/maps\/embed\/v1\/place?key=AIzaSyCz7giOmIqOvx-eCZDaIVxVQviHCEcB1So&#038;q=kad%C4%B1k%C3%B6y%20ayla%20tantuni&#038;zoom=17\"\n\t\t\t\t\ttitle=\"kad\u0131k\u00f6y ayla tantuni\"\n\t\t\t\t\taria-label=\"kad\u0131k\u00f6y ayla tantuni\"\n\t\t\t><\/iframe>\n\t\t<\/div>\n\t\t\t\t\t\t<\/div>\n\t\t\t\t<\/div>\n\t\t\t\t<\/div>\n\t\t<div class=\"elementor-element elementor-element-4167ddc1 e-con-full e-flex e-con e-child\" data-id=\"4167ddc1\" data-element_type=\"container\">\n\t\t\t\t<div class=\"elementor-element elementor-element-7dc4209 elementor-align-left elementor-icon-list--layout-traditional elementor-list-item-link-full_width elementor-widget elementor-widget-icon-list\" data-id=\"7dc4209\" data-element_type=\"widget\" data-widget_type=\"icon-list.default\">\n\t\t\t\t<div class=\"elementor-widget-container\">\n\t\t\t\t\t\t\t<ul class=\"elementor-icon-list-items\">\n\t\t\t\t\t\t\t<li class=\"elementor-icon-list-item\">\n\t\t\t\t\t\t\t\t\t\t<span class=\"elementor-icon-list-text\"><b>Addres<\/b> Cafera\u011fa, M\u00fch\u00fcrdar Cd. No:9, 34710 Kad\u0131k\u00f6y\/\u0130stanbul<\/span>\n\t\t\t\t\t\t\t\t\t<\/li>\n\t\t\t\t\t\t\t\t<li class=\"elementor-icon-list-item\">\n\t\t\t\t\t\t\t\t\t\t<span class=\"elementor-icon-list-text\"><b>Working Hours:<\/b> <br>Hafta \u0130\u00e7i 09.00 - 04.00 <br> Hafta Sonu: 09.00 - 05.00<\/span>\n\t\t\t\t\t\t\t\t\t<\/li>\n\t\t\t\t\t\t\t\t<li class=\"elementor-icon-list-item\">\n\t\t\t\t\t\t\t\t\t\t<span class=\"elementor-icon-list-text\"><b>Phone<\/b> 0216 45009 09<\/span>\n\t\t\t\t\t\t\t\t\t<\/li>\n\t\t\t\t\t\t\t\t<li class=\"elementor-icon-list-item\">\n\t\t\t\t\t\t\t\t\t\t<span class=\"elementor-icon-list-text\"><b>Mail<\/b> info@aylatantuni.com.tr<\/span>\n\t\t\t\t\t\t\t\t\t<\/li>\n\t\t\t\t\t\t<\/ul>\n\t\t\t\t\t\t<\/div>\n\t\t\t\t<\/div>\n\t\t\t\t<\/div>\n\t\t\t\t<\/div>\n\t\t<div class=\"elementor-element elementor-element-undefined-3565350 e-flex e-con-boxed e-con e-child\" data-id=\"undefined-3565350\" data-element_type=\"container\">\n\t\t\t\t\t<div class=\"e-con-inner\">\n\t\t\t\t<div class=\"elementor-element elementor-element-8ae39a9 elementor-widget elementor-widget-heading\" data-id=\"8ae39a9\" data-element_type=\"widget\" data-widget_type=\"heading.default\">\n\t\t\t\t<div class=\"elementor-widget-container\">\n\t\t\t\t\t<h1 class=\"elementor-heading-title elementor-size-default\">Ayla Tantuni Kad\u0131k\u00f6y: The Modern Flavor Stop of the Historic Peninsula<\/h1>\t\t\t\t<\/div>\n\t\t\t\t<\/div>\n\t\t\t\t<div class=\"elementor-element elementor-element-undefined-1e6b5b8 elementor-widget elementor-widget-text-editor\" data-id=\"undefined-1e6b5b8\" data-element_type=\"widget\" data-widget_type=\"text-editor.default\">\n\t\t\t\t<div class=\"elementor-widget-container\">\n\t\t\t\t\t\t\t\t\t<p><span class=\"ng-star-inserted\">Ayla Tantuni Kad\u0131k\u00f6y: The Modern Flavor Stop of the Historic Peninsula\u00a0<\/span><strong class=\"ng-star-inserted\"><span class=\"ng-star-inserted\">Ayla Tantuni Kad\u0131k\u00f6y<\/span><\/strong><span class=\"ng-star-inserted\">\u00a0branch combines the traditional Mersin tantuni experience with the city's dynamic atmosphere. With years of experience and uncompromising quality, we are ready to provide tantuni lovers in Kad\u0131k\u00f6y with unforgettable moments.<\/span><\/p>\t\t\t\t\t\t\t\t<\/div>\n\t\t\t\t<\/div>\n\t\t\t\t<div class=\"elementor-element elementor-element-undefined-eab6280 elementor-widget elementor-widget-heading\" data-id=\"undefined-eab6280\" data-element_type=\"widget\" data-widget_type=\"heading.default\">\n\t\t\t\t<div class=\"elementor-widget-container\">\n\t\t\t\t\t<h1 class=\"elementor-heading-title elementor-size-default\">The Real Taste of Tantuni in Kad\u0131k\u00f6y!<\/h1>\t\t\t\t<\/div>\n\t\t\t\t<\/div>\n\t\t\t\t<div class=\"elementor-element elementor-element-22cf973 elementor-widget elementor-widget-text-editor\" data-id=\"22cf973\" data-element_type=\"widget\" data-widget_type=\"text-editor.default\">\n\t\t\t\t<div class=\"elementor-widget-container\">\n\t\t\t\t\t\t\t\t\t<p class=\"translation-block\"><span class=\"ng-star-inserted\">If you\u2019re wondering where to find<\/span>\n<strong class=\"ng-star-inserted\"><span class=\"ng-star-inserted\">authentic tantuni in Kad\u0131k\u00f6y<\/span><\/strong>\n<span class=\"ng-star-inserted\">, you\u2019re in the right place! At Ayla Tantuni, we proudly continue the culinary journey that R\u0131za \u015eim\u015fek started 21 years ago with the same dedication and craftsmanship. Every tantuni we serve is prepared with freshly sourced daily beef or chicken, our special spice blend, and the skillful hands of our master chefs\u2014leaving an unforgettable taste on your palate. Whether you prefer it spicy or mild, with yogurt, or served inside a fresh loaf of bread; all your expectations for tantuni will be perfectly met at<\/span>\n<strong class=\"ng-star-inserted\"><span class=\"ng-star-inserted\">Ayla Tantuni Kad\u0131k\u00f6y<\/span><\/strong>\n<span class=\"ng-star-inserted\">.<\/span><\/p>\t\t\t\t\t\t\t\t<\/div>\n\t\t\t\t<\/div>\n\t\t\t\t\t<\/div>\n\t\t\t\t<\/div>\n\t\t<div class=\"elementor-element elementor-element-undefined-64746e0 e-con-full e-flex e-con e-child\" data-id=\"undefined-64746e0\" data-element_type=\"container\">\n\t\t\t\t<div class=\"elementor-element elementor-element-undefined-6aaddf4 elementor-widget-mobile__width-initial elementor-widget elementor-widget-image\" data-id=\"undefined-6aaddf4\" data-element_type=\"widget\" data-widget_type=\"image.default\">\n\t\t\t\t<div class=\"elementor-widget-container\">\n\t\t\t\t\t\t\t\t\t\t\t\t\t\t\t<img fetchpriority=\"high\" decoding=\"async\" width=\"1024\" height=\"896\" src=\"https:\/\/aylatantuni.com.tr\/wp-content\/uploads\/2025\/11\/tantuni-menu-1024x896.webp\" class=\"attachment-large size-large wp-image-1100\" alt=\"tantuni menu\" srcset=\"https:\/\/aylatantuni.com.tr\/wp-content\/uploads\/2025\/11\/tantuni-menu-1024x896.webp 1024w, https:\/\/aylatantuni.com.tr\/wp-content\/uploads\/2025\/11\/tantuni-menu-300x263.webp 300w, https:\/\/aylatantuni.com.tr\/wp-content\/uploads\/2025\/11\/tantuni-menu-768x672.webp 768w, https:\/\/aylatantuni.com.tr\/wp-content\/uploads\/2025\/11\/tantuni-menu-1536x1344.webp 1536w, https:\/\/aylatantuni.com.tr\/wp-content\/uploads\/2025\/11\/tantuni-menu-2048x1793.webp 2048w\" sizes=\"(max-width: 1024px) 100vw, 1024px\" title=\"Istanbul Kadikoy\">\t\t\t\t\t\t\t\t\t\t\t\t\t\t\t<\/div>\n\t\t\t\t<\/div>\n\t\t\t\t<div class=\"elementor-element elementor-element-undefined-de96dda elementor-widget-mobile__width-initial elementor-widget elementor-widget-image\" data-id=\"undefined-de96dda\" data-element_type=\"widget\" data-widget_type=\"image.default\">\n\t\t\t\t<div class=\"elementor-widget-container\">\n\t\t\t\t\t\t\t\t\t\t\t\t\t\t\t<img decoding=\"async\" width=\"683\" height=\"1024\" src=\"https:\/\/aylatantuni.com.tr\/wp-content\/uploads\/2025\/11\/yogurtlu-tantuni-1-683x1024.webp\" class=\"attachment-large size-large wp-image-1134\" alt=\"yo\u011furtlu tantuni (1)\" srcset=\"https:\/\/aylatantuni.com.tr\/wp-content\/uploads\/2025\/11\/yogurtlu-tantuni-1-683x1024.webp 683w, https:\/\/aylatantuni.com.tr\/wp-content\/uploads\/2025\/11\/yogurtlu-tantuni-1-200x300.webp 200w, https:\/\/aylatantuni.com.tr\/wp-content\/uploads\/2025\/11\/yogurtlu-tantuni-1-768x1152.webp 768w, https:\/\/aylatantuni.com.tr\/wp-content\/uploads\/2025\/11\/yogurtlu-tantuni-1-1024x1536.webp 1024w, https:\/\/aylatantuni.com.tr\/wp-content\/uploads\/2025\/11\/yogurtlu-tantuni-1-1365x2048.webp 1365w, https:\/\/aylatantuni.com.tr\/wp-content\/uploads\/2025\/11\/yogurtlu-tantuni-1-scaled.webp 1707w\" sizes=\"(max-width: 683px) 100vw, 683px\" title=\"Istanbul Kadikoy\">\t\t\t\t\t\t\t\t\t\t\t\t\t\t\t<\/div>\n\t\t\t\t<\/div>\n\t\t\t\t<\/div>\n\t\t\t\t\t<\/div>\n\t\t\t\t<\/div>\n\t\t\t\t<\/div>","protected":false},"excerpt":{"rendered":"<p>Adres: Cafera\u011fa, M\u00fch\u00fcrdar Cd. No:9, 34710 Kad\u0131k\u00f6y\/\u0130stanbul \u00c7al\u0131\u015fma Saatleri: Hafta \u0130\u00e7i 09.00 &#8211; 04.00 Hafta Sonu: 09.00 &#8211; 05.00 Telefon: 0216 45009 09 Email: info@aylatantuni.com.tr Ayla Tantuni Kad\u0131k\u00f6y: Tarihi Yar\u0131mada&#8217;n\u0131n Modern Lezzet Dura\u011f\u0131 \u0130stanbul&#8217;un en canl\u0131 ve tarihi semtlerinden biri olan Kad\u0131k\u00f6y, \u015fimdi Ayla Tantuni&#8217;nin e\u015fsiz lezzetleriyle bulu\u015fuyor!\u00a0Ayla Tantuni Kad\u0131k\u00f6y\u00a0\u015fubemiz, geleneksel Mersin tantuni deneyimini, \u015fehrin [&hellip;]<\/p>","protected":false},"author":1,"featured_media":0,"parent":1384,"menu_order":0,"comment_status":"closed","ping_status":"closed","template":"","meta":{"_uag_custom_page_level_css":"","site-sidebar-layout":"no-sidebar","site-content-layout":"page-builder","ast-site-content-layout":"full-width-container","site-content-style":"default","site-sidebar-style":"default","ast-global-header-display":"","ast-banner-title-visibility":"","ast-main-header-display":"","ast-hfb-above-header-display":"","ast-hfb-below-header-display":"","ast-hfb-mobile-header-display":"","site-post-title":"","ast-breadcrumbs-content":"","ast-featured-img":"disabled","footer-sml-layout":"","theme-transparent-header-meta":"","adv-header-id-meta":"","stick-header-meta":"","header-above-stick-meta":"","header-main-stick-meta":"","header-below-stick-meta":"","astra-migrate-meta-layouts":"set","ast-page-background-enabled":"default","ast-page-background-meta":{"desktop":{"background-color":"","background-image":"","background-repeat":"repeat","background-position":"center center","background-size":"auto","background-attachment":"scroll","background-type":"","background-media":"","overlay-type":"","overlay-color":"","overlay-opacity":"","overlay-gradient":""},"tablet":{"background-color":"","background-image":"","background-repeat":"repeat","background-position":"center center","background-size":"auto","background-attachment":"scroll","background-type":"","background-media":"","overlay-type":"","overlay-color":"","overlay-opacity":"","overlay-gradient":""},"mobile":{"background-color":"","background-image":"","background-repeat":"repeat","background-position":"center center","background-size":"auto","background-attachment":"scroll","background-type":"","background-media":"","overlay-type":"","overlay-color":"","overlay-opacity":"","overlay-gradient":""}},"ast-content-background-meta":{"desktop":{"background-color":"var(--ast-global-color-5)","background-image":"","background-repeat":"repeat","background-position":"center center","background-size":"auto","background-attachment":"scroll","background-type":"","background-media":"","overlay-type":"","overlay-color":"","overlay-opacity":"","overlay-gradient":""},"tablet":{"background-color":"var(--ast-global-color-5)","background-image":"","background-repeat":"repeat","background-position":"center center","background-size":"auto","background-attachment":"scroll","background-type":"","background-media":"","overlay-type":"","overlay-color":"","overlay-opacity":"","overlay-gradient":""},"mobile":{"background-color":"var(--ast-global-color-5)","background-image":"","background-repeat":"repeat","background-position":"center center","background-size":"auto","background-attachment":"scroll","background-type":"","background-media":"","overlay-type":"","overlay-color":"","overlay-opacity":"","overlay-gradient":""}},"footnotes":""},"class_list":["post-1354","page","type-page","status-publish","hentry"],"uagb_featured_image_src":{"full":false,"thumbnail":false,"medium":false,"medium_large":false,"large":false,"1536x1536":false,"2048x2048":false,"trp-custom-language-flag":false},"uagb_author_info":{"display_name":"admin","author_link":"https:\/\/aylatantuni.com.tr\/en\/author\/ulasdurmus\/"},"uagb_comment_info":0,"uagb_excerpt":"Adres: Cafera\u011fa, M\u00fch\u00fcrdar Cd. No:9, 34710 Kad\u0131k\u00f6y\/\u0130stanbul \u00c7al\u0131\u015fma Saatleri: Hafta \u0130\u00e7i 09.00 &#8211; 04.00 Hafta Sonu: 09.00 &#8211; 05.00 Telefon: 0216 45009 09 Email: info@aylatantuni.com.tr Ayla Tantuni Kad\u0131k\u00f6y: Tarihi Yar\u0131mada&#8217;n\u0131n Modern Lezzet Dura\u011f\u0131 \u0130stanbul&#8217;un en canl\u0131 ve tarihi semtlerinden biri olan Kad\u0131k\u00f6y, \u015fimdi Ayla Tantuni&#8217;nin e\u015fsiz lezzetleriyle bulu\u015fuyor!\u00a0Ayla Tantuni Kad\u0131k\u00f6y\u00a0\u015fubemiz, geleneksel Mersin tantuni deneyimini, \u015fehrin&hellip;","_links":{"self":[{"href":"https:\/\/aylatantuni.com.tr\/en\/wp-json\/wp\/v2\/pages\/1354","targetHints":{"allow":["GET"]}}],"collection":[{"href":"https:\/\/aylatantuni.com.tr\/en\/wp-json\/wp\/v2\/pages"}],"about":[{"href":"https:\/\/aylatantuni.com.tr\/en\/wp-json\/wp\/v2\/types\/page"}],"author":[{"embeddable":true,"href":"https:\/\/aylatantuni.com.tr\/en\/wp-json\/wp\/v2\/users\/1"}],"replies":[{"embeddable":true,"href":"https:\/\/aylatantuni.com.tr\/en\/wp-json\/wp\/v2\/comments?post=1354"}],"version-history":[{"count":28,"href":"https:\/\/aylatantuni.com.tr\/en\/wp-json\/wp\/v2\/pages\/1354\/revisions"}],"predecessor-version":[{"id":1451,"href":"https:\/\/aylatantuni.com.tr\/en\/wp-json\/wp\/v2\/pages\/1354\/revisions\/1451"}],"up":[{"embeddable":true,"href":"https:\/\/aylatantuni.com.tr\/en\/wp-json\/wp\/v2\/pages\/1384"}],"wp:attachment":[{"href":"https:\/\/aylatantuni.com.tr\/en\/wp-json\/wp\/v2\/media?parent=1354"}],"curies":[{"name":"wp","href":"https:\/\/api.w.org\/{rel}","templated":true}]}}